{"id":2692,"date":"2022-02-13T18:11:16","date_gmt":"2022-02-13T18:11:16","guid":{"rendered":"https:\/\/oguzhankaratepe.com\/iletisim\/"},"modified":"2025-08-10T02:32:47","modified_gmt":"2025-08-09T23:32:47","slug":"contact","status":"publish","type":"page","link":"https:\/\/oguzhankaratepe.com\/en\/contact\/","title":{"rendered":"Contact Us"},"content":{"rendered":"<section class=\"gb-container gb-container-c3960f6e\">\n<div class=\"gb-container gb-container-d5af91d3\">\n\n<div id=\"ez-toc-container\" class=\"ez-toc-v2_0_83 counter-hierarchy ez-toc-counter ez-toc-grey ez-toc-container-direction\">\n<div class=\"ez-toc-title-container\">\n<p class=\"ez-toc-title\" style=\"cursor:inherit\">Table of Contents<\/p>\n<span class=\"ez-toc-title-toggle\"><a href=\"#\" class=\"ez-toc-pull-right ez-toc-btn ez-toc-btn-xs ez-toc-btn-default ez-toc-toggle\" aria-label=\"Toggle Table of Content\"><span class=\"ez-toc-js-icon-con\"><span class=\"\"><span class=\"eztoc-hide\" style=\"display:none;\">Toggle<\/span><span class=\"ez-toc-icon-toggle-span\"><svg style=\"fill: #999;color:#999\" xmlns=\"http:\/\/www.w3.org\/2000\/svg\" class=\"list-377408\" width=\"20px\" height=\"20px\" viewBox=\"0 0 24 24\" fill=\"none\"><path d=\"M6 6H4v2h2V6zm14 0H8v2h12V6zM4 11h2v2H4v-2zm16 0H8v2h12v-2zM4 16h2v2H4v-2zm16 0H8v2h12v-2z\" fill=\"currentColor\"><\/path><\/svg><svg style=\"fill: #999;color:#999\" class=\"arrow-unsorted-368013\" xmlns=\"http:\/\/www.w3.org\/2000\/svg\" width=\"10px\" height=\"10px\" viewBox=\"0 0 24 24\" version=\"1.2\" baseProfile=\"tiny\"><path d=\"M18.2 9.3l-6.2-6.3-6.2 6.3c-.2.2-.3.4-.3.7s.1.5.3.7c.2.2.4.3.7.3h11c.3 0 .5-.1.7-.3.2-.2.3-.5.3-.7s-.1-.5-.3-.7zM5.8 14.7l6.2 6.3 6.2-6.3c.2-.2.3-.5.3-.7s-.1-.5-.3-.7c-.2-.2-.4-.3-.7-.3h-11c-.3 0-.5.1-.7.3-.2.2-.3.5-.3.7s.1.5.3.7z\"\/><\/svg><\/span><\/span><\/span><\/a><\/span><\/div>\n<nav><ul class='ez-toc-list ez-toc-list-level-1 eztoc-toggle-hide-by-default' ><ul class='ez-toc-list-level-5' ><li class='ez-toc-heading-level-5'><ul class='ez-toc-list-level-5' ><li class='ez-toc-heading-level-5'><ul class='ez-toc-list-level-5' ><li class='ez-toc-heading-level-5'><ul class='ez-toc-list-level-5' ><li class='ez-toc-heading-level-5'><a class=\"ez-toc-link ez-toc-heading-1\" href=\"https:\/\/oguzhankaratepe.com\/en\/contact\/#Contact_us\" >Contact us<\/a><\/li><\/ul><\/li><\/ul><\/li><\/ul><\/li><\/ul><\/li><li class='ez-toc-page-1 ez-toc-heading-level-1'><a class=\"ez-toc-link ez-toc-heading-2\" href=\"https:\/\/oguzhankaratepe.com\/en\/contact\/#Get_in_touch_with_us_now_to_schedule_your_appointment\" >Get in touch with us now to schedule your appointment!<\/a><ul class='ez-toc-list-level-2' ><li class='ez-toc-heading-level-2'><a class=\"ez-toc-link ez-toc-heading-3\" href=\"https:\/\/oguzhankaratepe.com\/en\/contact\/#Contact_Form\" >Contact Form<\/a><\/li><\/ul><\/li><\/ul><\/nav><\/div>\n<h5 class=\"gb-headline gb-headline-7fdc32dc gb-headline-text heading-icon-reversed\"><span class=\"ez-toc-section\" id=\"Contact_us\"><\/span>Contact us<span class=\"ez-toc-section-end\"><\/span><\/h5>\n\n\n\n<h1 class=\"gb-headline gb-headline-d07c52b5 gb-headline-text\"><span class=\"ez-toc-section\" id=\"Get_in_touch_with_us_now_to_schedule_your_appointment\"><\/span>Get in touch with us now to schedule your appointment!<span class=\"ez-toc-section-end\"><\/span><\/h1>\n\n\n\n<p class=\"gb-headline gb-headline-2b6b82fe gb-headline-text\">If you have any questions, suggestions, or appointment requests, feel free to reach out to us easily. You can contact us via WhatsApp, SMS, email, or by calling us directly using the contact details below.<br>We\u2019re happy to assist you!<\/p>\n\n\n\n<p class=\"gb-headline gb-headline-e2cbd10f\"><span class=\"gb-icon\"><svg viewBox=\"0 0 512 512\" xmlns=\"http:\/\/www.w3.org\/2000\/svg\"><path d=\"M232.484 390.324c-3.902 3.899-3.902 10.23 0 14.137 3.91 3.902 10.239 3.902 14.137 0 3.91-3.906 3.91-10.238 0-14.137-3.898-3.91-10.226-3.91-14.137 0zm0 0\"><\/path><path d=\"M488.918 372.957l-75.922-64.559c-.351-.296-.723-.57-1.11-.816-19.917-12.68-45.491-9.871-62.19 6.824l-41.395 41.39a9.975 9.975 0 01-10.895 2.173c-46.742-19.336-85.14-48.446-114.129-86.512-22.105-29.027-30.074-52.094-31.125-55.344a9.938 9.938 0 00-.605-2.062 9.949 9.949 0 012.172-10.887l41.39-41.402c16.7-16.7 19.504-42.274 6.825-62.192-.102-.16-.207-.316-.317-.472L146.79 22.906C129.54-3.855 91.965-7.898 69.414 14.648l-8.289 8.29a.047.047 0 01-.02.019L31.512 52.551C-3.778 87.844-9.551 140.875 14.82 205.92c20.875 55.72 62.664 116.7 117.668 171.704 56.305 56.305 118.934 98.867 176.348 119.848 56.828 20.761 117.277 23.32 160.062-19.47l27.91-27.905c22.45-22.453 18.532-59.782-7.89-77.141zm-88.313-48.848l75.856 64.504c.348.297.719.57 1.105.817 16.204 10.316 18.657 32.972 5.098 46.527l-2.07 2.074-129.38-96.867 12.622-12.617c9.863-9.867 24.894-11.652 36.77-4.438zM130.082 33.895c.102.16.207.32.316.472l54.805 76.164c7.445 11.918 5.723 27.133-4.234 37.09l-12.23 12.234L81.206 31.137l2.348-2.348c13.613-13.613 36.25-11.039 46.527 5.106zm185.613 444.793c-54.734-20-114.777-60.915-169.066-115.204-53.031-53.027-93.191-111.476-113.086-164.578-14.934-39.86-24.953-95.152 12.11-132.21l21.16-21.165 87.53 128.719-14.761 14.77a29.88 29.88 0 00-6.848 31.835c3.157 12.954 17.68 39.84 32.332 59.653 21.563 29.156 60.7 69.465 124.696 95.941 11.246 4.653 24.07 2.098 32.68-6.508l14.488-14.492 129.379 96.867-11.551 11.547c-39.73 39.735-97.551 29.992-139.063 14.824zm0 0\"><\/path><path d=\"M213.719 366.45c-10.563-9.262-28.832-25.192-38.453-35.09-23.594-24.247-48.348-53.637-63.067-74.872-3.144-4.539-9.375-5.672-13.914-2.523-4.539 3.144-5.668 9.375-2.523 13.914 18.562 26.781 45.836 57.555 65.168 77.422 10.156 10.453 28.582 26.523 39.601 36.183 4.145 3.633 10.461 3.235 14.114-.925 3.64-4.149 3.226-10.47-.926-14.11zm0 0\"><\/path><\/svg><\/span><span class=\"gb-headline-text\">Call Us: <a href=\"tel:+905309173030\">+90 530 917 30 30<\/a><\/span><\/p>\n\n\n\n<p class=\"gb-headline gb-headline-b91236a2\"><span class=\"gb-icon\"><svg aria-hidden=\"true\" role=\"img\" height=\"1em\" width=\"1em\" viewBox=\"0 0 448 512\" xmlns=\"http:\/\/www.w3.org\/2000\/svg\"><path fill=\"currentColor\" d=\"M380.9 97.1C339 55.1 283.2 32 223.9 32c-122.4 0-222 99.6-222 222 0 39.1 10.2 77.3 29.6 111L0 480l117.7-30.9c32.4 17.7 68.9 27 106.1 27h.1c122.3 0 224.1-99.6 224.1-222 0-59.3-25.2-115-67.1-157zm-157 341.6c-33.2 0-65.7-8.9-94-25.7l-6.7-4-69.8 18.3L72 359.2l-4.4-7c-18.5-29.4-28.2-63.3-28.2-98.2 0-101.7 82.8-184.5 184.6-184.5 49.3 0 95.6 19.2 130.4 54.1 34.8 34.9 56.2 81.2 56.1 130.5 0 101.8-84.9 184.6-186.6 184.6zm101.2-138.2c-5.5-2.8-32.8-16.2-37.9-18-5.1-1.9-8.8-2.8-12.5 2.8-3.7 5.6-14.3 18-17.6 21.8-3.2 3.7-6.5 4.2-12 1.4-32.6-16.3-54-29.1-75.5-66-5.7-9.8 5.7-9.1 16.3-30.3 1.8-3.7.9-6.9-.5-9.7-1.4-2.8-12.5-30.1-17.1-41.2-4.5-10.8-9.1-9.3-12.5-9.5-3.2-.2-6.9-.2-10.6-.2-3.7 0-9.7 1.4-14.8 6.9-5.1 5.6-19.4 19-19.4 46.3 0 27.3 19.9 53.7 22.6 57.4 2.8 3.7 39.1 59.7 94.8 83.8 35.2 15.2 49 16.5 66.6 13.9 10.7-1.6 32.8-13.4 37.4-26.4 4.6-13 4.6-24.1 3.2-26.4-1.3-2.5-5-3.9-10.5-6.6z\"><\/path><\/svg><\/span><span class=\"gb-headline-text\">WhatsApp: <a href=\"https:\/\/api.whatsapp.com\/send\/?phone=905309173030&amp;text=Hello+Prof.+Dr.+Oguzhan+Karatepe%2C+I+am+reaching+out+via+oguzhankaratepe.com+to+kindly+request+information+regarding+your+procedures.+I+would+greatly+appreciate+any+details+you+could+provide.&amp;type=phone_number&amp;app_absent=0\">+90 530 917 30 30<\/a><\/span><\/p>\n\n\n\n<p class=\"gb-headline gb-headline-7a91cd7d\"><span class=\"gb-icon\"><svg viewBox=\"0 0 512 512\" xmlns=\"http:\/\/www.w3.org\/2000\/svg\"><path d=\"M467 61H45C20.218 61 0 81.196 0 106v300c0 24.72 20.128 45 45 45h422c24.72 0 45-20.128 45-45V106c0-24.72-20.128-45-45-45zm-6.214 30L256.954 294.833 51.359 91h409.427zM30 399.788V112.069l144.479 143.24L30 399.788zM51.213 421l144.57-144.57 50.657 50.222c5.864 5.814 15.327 5.795 21.167-.046L317 277.213 460.787 421H51.213zM482 399.787L338.213 256 482 112.212v287.575z\"><\/path><\/svg><\/span><span class=\"gb-headline-text\"><a href=\"karatepeklinik@gmail.com\">karatepeklinik@gmail.com<\/a><\/span><\/p>\n\n\n\n<p class=\"gb-headline gb-headline-615f0213\"><span class=\"gb-icon\"><svg viewBox=\"0 0 512 512\" xmlns=\"http:\/\/www.w3.org\/2000\/svg\"><path d=\"M256 0C156.748 0 76 80.748 76 180c0 33.534 9.289 66.26 26.869 94.652l142.885 230.257A15 15 0 00258.499 512h.119a14.997 14.997 0 0012.75-7.292L410.611 272.22C427.221 244.428 436 212.539 436 180 436 80.748 355.252 0 256 0zm128.866 256.818L258.272 468.186l-129.905-209.34C113.734 235.214 105.8 207.95 105.8 180c0-82.71 67.49-150.2 150.2-150.2S406.1 97.29 406.1 180c0 27.121-7.411 53.688-21.234 76.818z\"><\/path><path d=\"M256 90c-49.626 0-90 40.374-90 90 0 49.309 39.717 90 90 90 50.903 0 90-41.233 90-90 0-49.626-40.374-90-90-90zm0 150.2c-33.257 0-60.2-27.033-60.2-60.2 0-33.084 27.116-60.2 60.2-60.2s60.1 27.116 60.1 60.2c0 32.683-26.316 60.2-60.1 60.2z\"><\/path><\/svg><\/span><span class=\"gb-headline-text\"><strong>Te\u015fvikiye Mah., Sezai Selek Sok.,<\/strong><br><strong>K\u0131l\u0131\u00e7 Apt. A Blok<\/strong><br><strong>No:24 Kat:4, D:14,<\/strong><br><strong>\u015ei\u015fli, \u0130stanbul<\/strong><\/span><\/p>\n\n\n<div class=\"gb-container gb-container-5ff8353b\">\n\n<a class=\"gb-button gb-button-b9907130\" href=\"https:\/\/www.instagram.com\/profdroguzhankaratepe\" rel=\"nofollow noopener\" target=\"_blank\"><span class=\"gb-icon\"><svg aria-hidden=\"true\" role=\"img\" height=\"1em\" width=\"1em\" viewBox=\"0 0 448 512\" xmlns=\"http:\/\/www.w3.org\/2000\/svg\"><path fill=\"currentColor\" d=\"M224.1 141c-63.6 0-114.9 51.3-114.9 114.9s51.3 114.9 114.9 114.9S339 319.5 339 255.9 287.7 141 224.1 141zm0 189.6c-41.1 0-74.7-33.5-74.7-74.7s33.5-74.7 74.7-74.7 74.7 33.5 74.7 74.7-33.6 74.7-74.7 74.7zm146.4-194.3c0 14.9-12 26.8-26.8 26.8-14.9 0-26.8-12-26.8-26.8s12-26.8 26.8-26.8 26.8 12 26.8 26.8zm76.1 27.2c-1.7-35.9-9.9-67.7-36.2-93.9-26.2-26.2-58-34.4-93.9-36.2-37-2.1-147.9-2.1-184.9 0-35.8 1.7-67.6 9.9-93.9 36.1s-34.4 58-36.2 93.9c-2.1 37-2.1 147.9 0 184.9 1.7 35.9 9.9 67.7 36.2 93.9s58 34.4 93.9 36.2c37 2.1 147.9 2.1 184.9 0 35.9-1.7 67.7-9.9 93.9-36.2 26.2-26.2 34.4-58 36.2-93.9 2.1-37 2.1-147.8 0-184.8zM398.8 388c-7.8 19.6-22.9 34.7-42.6 42.6-29.5 11.7-99.5 9-132.1 9s-102.7 2.6-132.1-9c-19.6-7.8-34.7-22.9-42.6-42.6-11.7-29.5-9-99.5-9-132.1s-2.6-102.7 9-132.1c7.8-19.6 22.9-34.7 42.6-42.6 29.5-11.7 99.5-9 132.1-9s102.7-2.6 132.1 9c19.6 7.8 34.7 22.9 42.6 42.6 11.7 29.5 9 99.5 9 132.1s2.7 102.7-9 132.1z\"><\/path><\/svg><\/span><\/a>\n\n\n\n<a class=\"gb-button gb-button-c7640f60\" href=\"#\"><span class=\"gb-icon\"><svg aria-hidden=\"true\" role=\"img\" height=\"1em\" width=\"1em\" viewBox=\"0 0 320 512\" xmlns=\"http:\/\/www.w3.org\/2000\/svg\"><path fill=\"currentColor\" d=\"M279.14 288l14.22-92.66h-88.91v-60.13c0-25.35 12.42-50.06 52.24-50.06h40.42V6.26S260.43 0 225.36 0c-73.22 0-121.08 44.38-121.08 124.72v70.62H22.89V288h81.39v224h100.17V288z\"><\/path><\/svg><\/span><\/a>\n\n\n\n<a class=\"gb-button gb-button-e38781f6\" href=\"#\"><span class=\"gb-icon\"><svg aria-hidden=\"true\" role=\"img\" height=\"1em\" width=\"1em\" viewBox=\"0 0 576 512\" xmlns=\"http:\/\/www.w3.org\/2000\/svg\"><path fill=\"currentColor\" d=\"M549.655 124.083c-6.281-23.65-24.787-42.276-48.284-48.597C458.781 64 288 64 288 64S117.22 64 74.629 75.486c-23.497 6.322-42.003 24.947-48.284 48.597-11.412 42.867-11.412 132.305-11.412 132.305s0 89.438 11.412 132.305c6.281 23.65 24.787 41.5 48.284 47.821C117.22 448 288 448 288 448s170.78 0 213.371-11.486c23.497-6.321 42.003-24.171 48.284-47.821 11.412-42.867 11.412-132.305 11.412-132.305s0-89.438-11.412-132.305zm-317.51 213.508V175.185l142.739 81.205-142.739 81.201z\"><\/path><\/svg><\/span><\/a>\n\n\n\n<a class=\"gb-button gb-button-ebda5d33\" href=\"https:\/\/api.whatsapp.com\/send\/?phone=905309173030&amp;text=Hello+Prof.+Dr.+Oguzhan+Karatepe%2C+I+am+reaching+out+via+oguzhankaratepe.com+to+kindly+request+information+regarding+your+procedures.+I+would+greatly+appreciate+any+details+you+could+provide.&amp;type=phone_number&amp;app_absent=0\"><span class=\"gb-icon\"><svg aria-hidden=\"true\" role=\"img\" height=\"1em\" width=\"1em\" viewBox=\"0 0 448 512\" xmlns=\"http:\/\/www.w3.org\/2000\/svg\"><path fill=\"currentColor\" d=\"M380.9 97.1C339 55.1 283.2 32 223.9 32c-122.4 0-222 99.6-222 222 0 39.1 10.2 77.3 29.6 111L0 480l117.7-30.9c32.4 17.7 68.9 27 106.1 27h.1c122.3 0 224.1-99.6 224.1-222 0-59.3-25.2-115-67.1-157zm-157 341.6c-33.2 0-65.7-8.9-94-25.7l-6.7-4-69.8 18.3L72 359.2l-4.4-7c-18.5-29.4-28.2-63.3-28.2-98.2 0-101.7 82.8-184.5 184.6-184.5 49.3 0 95.6 19.2 130.4 54.1 34.8 34.9 56.2 81.2 56.1 130.5 0 101.8-84.9 184.6-186.6 184.6zm101.2-138.2c-5.5-2.8-32.8-16.2-37.9-18-5.1-1.9-8.8-2.8-12.5 2.8-3.7 5.6-14.3 18-17.6 21.8-3.2 3.7-6.5 4.2-12 1.4-32.6-16.3-54-29.1-75.5-66-5.7-9.8 5.7-9.1 16.3-30.3 1.8-3.7.9-6.9-.5-9.7-1.4-2.8-12.5-30.1-17.1-41.2-4.5-10.8-9.1-9.3-12.5-9.5-3.2-.2-6.9-.2-10.6-.2-3.7 0-9.7 1.4-14.8 6.9-5.1 5.6-19.4 19-19.4 46.3 0 27.3 19.9 53.7 22.6 57.4 2.8 3.7 39.1 59.7 94.8 83.8 35.2 15.2 49 16.5 66.6 13.9 10.7-1.6 32.8-13.4 37.4-26.4 4.6-13 4.6-24.1 3.2-26.4-1.3-2.5-5-3.9-10.5-6.6z\"><\/path><\/svg><\/span><\/a>\n\n\n\n<a class=\"gb-button gb-button-d45be875\" href=\"https:\/\/api.whatsapp.com\/send\/?phone=905309173030&amp;text=Merhaba+Prof.+Dr.+O%C4%9Fuzhan+Karatepe%2C+oguzhankaratepe.com+websitenizin+ileti%C5%9Fim+b%C3%B6l%C3%BCm%C3%BCnden+size+ula%C5%9F%C4%B1yorum.+Tedaviler+ve+randevu+s%C3%BCreci+hakk%C4%B1nda+bilgi+alabilir+miyim%3F&amp;type=phone_number&amp;app_absent=0\"><span class=\"gb-icon\"><svg aria-hidden=\"true\" role=\"img\" height=\"1em\" width=\"1em\" viewBox=\"0 0 448 512\" xmlns=\"http:\/\/www.w3.org\/2000\/svg\"><path fill=\"currentColor\" d=\"M416 32H31.9C14.3 32 0 46.5 0 64.3v383.4C0 465.5 14.3 480 31.9 480H416c17.6 0 32-14.5 32-32.3V64.3c0-17.8-14.4-32.3-32-32.3zM135.4 416H69V202.2h66.5V416zm-33.2-243c-21.3 0-38.5-17.3-38.5-38.5S80.9 96 102.2 96c21.2 0 38.5 17.3 38.5 38.5 0 21.3-17.2 38.5-38.5 38.5zm282.1 243h-66.4V312c0-24.8-.5-56.7-34.5-56.7-34.6 0-39.9 27-39.9 54.9V416h-66.4V202.2h63.7v29.2h.9c8.9-16.8 30.6-34.5 62.9-34.5 67.2 0 79.7 44.3 79.7 101.9V416z\"><\/path><\/svg><\/span><\/a>\n\n<\/div>\n<\/div>\n\n<div class=\"gb-container gb-container-78671382\">\n\n<figure class=\"gb-block-image gb-block-image-229284c9\"><img decoding=\"async\" width=\"1618\" height=\"1115\" class=\"gb-image gb-image-229284c9\" src=\"https:\/\/oguzhankaratepe.com\/wp-content\/uploads\/2025\/07\/oguzhan-karatepe-klinik-adresi.webp\" alt=\"\" title=\"oguzhan-karatepe-klinik-adresi\" srcset=\"https:\/\/oguzhankaratepe.com\/wp-content\/uploads\/2025\/07\/oguzhan-karatepe-klinik-adresi.webp 1618w, https:\/\/oguzhankaratepe.com\/wp-content\/uploads\/2025\/07\/oguzhan-karatepe-klinik-adresi-300x207.webp 300w, https:\/\/oguzhankaratepe.com\/wp-content\/uploads\/2025\/07\/oguzhan-karatepe-klinik-adresi-1024x706.webp 1024w, https:\/\/oguzhankaratepe.com\/wp-content\/uploads\/2025\/07\/oguzhan-karatepe-klinik-adresi-768x529.webp 768w, https:\/\/oguzhankaratepe.com\/wp-content\/uploads\/2025\/07\/oguzhan-karatepe-klinik-adresi-1536x1058.webp 1536w\" sizes=\"(max-width: 1618px) 100vw, 1618px\"><\/figure>\n\n<\/div>\n<\/section>\n\n<section class=\"gb-container gb-container-9c323e47\">\n<div class=\"gb-container gb-container-c91a5eab\">\n\n<h2 class=\"gb-headline gb-headline-7999f772 gb-headline-text\"><span class=\"ez-toc-section\" id=\"Contact_Form\"><\/span>Contact Form<span class=\"ez-toc-section-end\"><\/span><\/h2>\n\n\n\n<h2 class=\"gb-headline gb-headline-8779dfe4\"><span class=\"gb-icon\"><svg viewBox=\"0 0 36.7 3\" xmlns=\"http:\/\/www.w3.org\/2000\/svg\"><path d=\"M0 0h36.7v3H0z\"><\/path><\/svg><\/span><\/h2>\n\n\n\n<p class=\"has-text-align-center has-contrast-4-color has-text-color\">Fill out the form, and we\u2019ll call you back or respond via email.<br>We\u2019re here for any questions, suggestions, or appointment requests!<\/p>\n\n\n\n<div class=\"gb-element-01a6b004\"><style id=\"wpforms-css-vars-2939-block-9046a786-bab0-4b3b-ab98-122b9c06c540\">\n\t\t\t\t#wpforms-2939.wpforms-block-9046a786-bab0-4b3b-ab98-122b9c06c540 {\n\t\t\t\t--wpforms-field-size-input-height: 43px;\n--wpforms-field-size-input-spacing: 15px;\n--wpforms-field-size-font-size: 16px;\n--wpforms-field-size-line-height: 19px;\n--wpforms-field-size-padding-h: 14px;\n--wpforms-field-size-checkbox-size: 16px;\n--wpforms-field-size-sublabel-spacing: 5px;\n--wpforms-field-size-icon-size: 1;\n--wpforms-label-size-font-size: 16px;\n--wpforms-label-size-line-height: 19px;\n--wpforms-label-size-sublabel-font-size: 14px;\n--wpforms-label-size-sublabel-line-height: 17px;\n--wpforms-button-size-font-size: 17px;\n--wpforms-button-size-height: 41px;\n--wpforms-button-size-padding-h: 15px;\n--wpforms-button-size-margin-top: 10px;\n--wpforms-container-shadow-size-box-shadow: none;\n\t\t\t}\n\t\t\t<\/style><div class=\"wpforms-container wpforms-container-full wpforms-block wpforms-block-9046a786-bab0-4b3b-ab98-122b9c06c540 wpforms-render-modern\" id=\"wpforms-2939\"><form id=\"wpforms-form-2939\" class=\"wpforms-validate wpforms-form wpforms-ajax-form\" data-formid=\"2939\" method=\"post\" enctype=\"multipart\/form-data\" action=\"\/en\/wp-json\/wp\/v2\/pages\/2692\" data-token=\"ad383b54b9a74480e3c68075994d992e\" data-token-time=\"1778426120\"><noscript class=\"wpforms-error-noscript\">Please enable JavaScript in your browser to complete this form.<\/noscript><div id=\"wpforms-error-noscript\" style=\"display: none;\">Please enable JavaScript in your browser to complete this form.<\/div><div class=\"wpforms-field-container\">\t\t<div id=\"wpforms-2939-field_5-container\"\n\t\t\tclass=\"wpforms-field wpforms-field-text\"\n\t\t\tdata-field-type=\"text\"\n\t\t\tdata-field-id=\"5\"\n\t\t\t>\n\t\t\t<label class=\"wpforms-field-label\" for=\"wpforms-2939-field_5\" >Full Message Name<\/label>\n\t\t\t<input type=\"text\" id=\"wpforms-2939-field_5\" class=\"wpforms-field-medium\" name=\"wpforms[fields][5]\" >\n\t\t<\/div>\n\t\t<div id=\"wpforms-2939-field_1-container\" class=\"wpforms-field wpforms-field-name\" data-field-type=\"name\" data-field-id=\"1\"><label class=\"wpforms-field-label\" for=\"wpforms-2939-field_1\">Full Name <span class=\"wpforms-required-label\" aria-hidden=\"true\">*<\/span><\/label><input type=\"text\" id=\"wpforms-2939-field_1\" class=\"wpforms-field-large wpforms-field-required\" name=\"wpforms[fields][1]\" aria-errormessage=\"wpforms-2939-field_1-error\" required><\/div><div id=\"wpforms-2939-field_2-container\" class=\"wpforms-field wpforms-field-email\" data-field-type=\"email\" data-field-id=\"2\"><label class=\"wpforms-field-label\" for=\"wpforms-2939-field_2\">E-Mail <span class=\"wpforms-required-label\" aria-hidden=\"true\">*<\/span><\/label><input type=\"email\" id=\"wpforms-2939-field_2\" class=\"wpforms-field-large wpforms-field-required\" name=\"wpforms[fields][2]\" spellcheck=\"false\" aria-errormessage=\"wpforms-2939-field_2-error\" required><\/div><div id=\"wpforms-2939-field_4-container\" class=\"wpforms-field wpforms-field-phone\" data-field-type=\"phone\" data-field-id=\"4\"><label class=\"wpforms-field-label\" for=\"wpforms-2939-field_4\">Phone<\/label><input type=\"tel\" id=\"wpforms-2939-field_4\" class=\"wpforms-field-large wpforms-smart-phone-field\" data-rule-smart-phone-field=\"true\" name=\"wpforms[fields][4]\" aria-label=\"Phone\" aria-errormessage=\"wpforms-2939-field_4-error\" ><\/div><div id=\"wpforms-2939-field_3-container\" class=\"wpforms-field wpforms-field-textarea\" data-field-type=\"textarea\" data-field-id=\"3\"><label class=\"wpforms-field-label\" for=\"wpforms-2939-field_3\">Message<\/label><textarea id=\"wpforms-2939-field_3\" class=\"wpforms-field-large\" name=\"wpforms[fields][3]\" aria-errormessage=\"wpforms-2939-field_3-error\" ><\/textarea><\/div><script>\n\t\t\t\t( function() {\n\t\t\t\t\tconst style = document.createElement( 'style' );\n\t\t\t\t\tstyle.appendChild( document.createTextNode( '#wpforms-2939-field_5-container { position: absolute !important; overflow: hidden !important; display: inline !important; height: 1px !important; width: 1px !important; z-index: -1000 !important; padding: 0 !important; } #wpforms-2939-field_5-container input { visibility: hidden; } #wpforms-conversational-form-page #wpforms-2939-field_5-container label { counter-increment: none; }' ) );\n\t\t\t\t\tdocument.head.appendChild( style );\n\t\t\t\t\tdocument.currentScript?.remove();\n\t\t\t\t} )();\n\t\t\t<\/script><\/div><!-- .wpforms-field-container --><div class=\"wpforms-submit-container\" ><input type=\"hidden\" name=\"wpforms[id]\" value=\"2939\"><input type=\"hidden\" name=\"page_title\" value=\"\"><input type=\"hidden\" name=\"page_url\" value=\"https:\/\/oguzhankaratepe.com\/en\/wp-json\/wp\/v2\/pages\/2692\"><input type=\"hidden\" name=\"url_referer\" value=\"\"><button type=\"submit\" name=\"wpforms[submit]\" id=\"wpforms-submit-2939\" class=\"wpforms-submit\" data-alt-text=\"Sending...\" data-submit-text=\"Send\" aria-live=\"assertive\" value=\"wpforms-submit\">Send<\/button><img decoding=\"async\" src=\"https:\/\/oguzhankaratepe.com\/wp-content\/plugins\/wpforms\/assets\/images\/submit-spin.svg\" class=\"wpforms-submit-spinner\" style=\"display: none;\" width=\"26\" height=\"26\" alt=\"Loading\" title=\"\"><\/div><\/form><\/div>  <!-- .wpforms-container --><\/div>\n\n<\/div>\n<\/section>","protected":false},"excerpt":{"rendered":"<p>Contact us Get in touch with us now to schedule your appointment! If you have any questions, suggestions, or appointment requests, feel free to reach &#8230; <a title=\"Contact Us\" class=\"read-more\" href=\"https:\/\/oguzhankaratepe.com\/en\/contact\/\" aria-label=\"Read more about Contact Us\">Read more<\/a><\/p>\n","protected":false},"author":3,"featured_media":0,"parent":0,"menu_order":0,"comment_status":"closed","ping_status":"closed","template":"","meta":{"footnotes":""},"class_list":{"0":"post-2692","1":"page","2":"type-page","3":"status-publish","5":"infinite-scroll-item"},"_links":{"self":[{"href":"https:\/\/oguzhankaratepe.com\/en\/wp-json\/wp\/v2\/pages\/2692","targetHints":{"allow":["GET"]}}],"collection":[{"href":"https:\/\/oguzhankaratepe.com\/en\/wp-json\/wp\/v2\/pages"}],"about":[{"href":"https:\/\/oguzhankaratepe.com\/en\/wp-json\/wp\/v2\/types\/page"}],"author":[{"embeddable":true,"href":"https:\/\/oguzhankaratepe.com\/en\/wp-json\/wp\/v2\/users\/3"}],"replies":[{"embeddable":true,"href":"https:\/\/oguzhankaratepe.com\/en\/wp-json\/wp\/v2\/comments?post=2692"}],"version-history":[{"count":3,"href":"https:\/\/oguzhankaratepe.com\/en\/wp-json\/wp\/v2\/pages\/2692\/revisions"}],"predecessor-version":[{"id":3832,"href":"https:\/\/oguzhankaratepe.com\/en\/wp-json\/wp\/v2\/pages\/2692\/revisions\/3832"}],"wp:attachment":[{"href":"https:\/\/oguzhankaratepe.com\/en\/wp-json\/wp\/v2\/media?parent=2692"}],"curies":[{"name":"wp","href":"https:\/\/api.w.org\/{rel}","templated":true}]}}